{"id":210,"date":"2025-03-25T09:54:32","date_gmt":"2025-03-25T09:54:32","guid":{"rendered":"https:\/\/stickersgraphicdesing.com\/?page_id=210"},"modified":"2025-03-31T06:16:11","modified_gmt":"2025-03-31T06:16:11","slug":"terms-of-service","status":"publish","type":"page","link":"https:\/\/stickersgraphicdesing.com\/es\/terms-of-service\/","title":{"rendered":"T\u00e9rminos de Uso"},"content":{"rendered":"<h1 class=\"wp-block-heading has-text-align-center has-primary-color has-text-color has-link-color has-max-huge-font-size wp-elements-db24b8188cb292541e57260b13fe0770\" id=\"terms-of-service\" style=\"padding-top:var(--wp--preset--spacing--50);padding-bottom:var(--wp--preset--spacing--50)\">T\u00e9rminos de Uso<\/h1>\n\n\n\n<h2 class=\"wp-block-heading\" id=\"acceptance-of-the-terms\">Aceptaci\u00f3n de los T\u00e9rminos<\/h2>\n\n\n\n<p>Al acceder y utilizar este sitio web, aceptas cumplir con estos T\u00e9rminos de Uso. Si no est\u00e1s de acuerdo con alguna parte, te solicitamos que no utilices el sitio.<\/p>\n\n\n\n<h2 class=\"wp-block-heading\" id=\"use-of-the-site\">Uso del Sitio<\/h2>\n\n\n\n<ul class=\"wp-block-list\">\n<li>El usuario se compromete a utilizar el sitio de manera l\u00edcita y conforme a la normativa vigente.<\/li>\n\n\n\n<li>Queda prohibido el uso del sitio para fines ilegales o no autorizados.<\/li>\n<\/ul>\n\n\n\n<h2 class=\"wp-block-heading\" id=\"intellectual-property\">Propiedad Intelectual<\/h2>\n\n\n\n<ul class=\"wp-block-list\">\n<li>Todo el contenido (textos, im\u00e1genes, logotipos, gr\u00e1ficos, etc.) es propiedad de STICKERS GRAPHIC DESING LLC o de terceros que han autorizado su uso.<\/li>\n\n\n\n<li>No se permite la reproducci\u00f3n, distribuci\u00f3n o modificaci\u00f3n total o parcial del contenido sin autorizaci\u00f3n expresa.<\/li>\n<\/ul>\n\n\n\n<h3 class=\"wp-block-heading\" id=\"limitation-of-liability\">Limitaci\u00f3n de Responsabilidad<\/h3>\n\n\n\n<ul class=\"wp-block-list\">\n<li>STICKERS GRAPHIC DESING LLC no garantiza la exactitud, integridad o vigencia del contenido del sitio.<\/li>\n\n\n\n<li>No se responsabiliza por la interrupci\u00f3n del servicio o por da\u00f1os directos o indirectos que puedan derivarse del uso del sitio.<\/li>\n<\/ul>\n\n\n\n<h3 class=\"wp-block-heading\" id=\"modifications\">Modificaciones<\/h3>\n\n\n\n<ul class=\"wp-block-list\">\n<li>Nos reservamos el derecho de modificar estos t\u00e9rminos en cualquier momento.<\/li>\n\n\n\n<li>Las modificaciones ser\u00e1n publicadas en el sitio y, en caso de ser significativas, se notificar\u00e1 al usuario.<\/li>\n<\/ul>\n\n\n\n<h3 class=\"wp-block-heading\" id=\"data-protection\">Protecci\u00f3n de Datos<\/h3>\n\n\n\n<ul class=\"wp-block-list\">\n<li>El tratamiento de datos personales se regir\u00e1 conforme a nuestra Pol\u00edtica de Privacidad, que se integra en estos T\u00e9rminos de Uso.<\/li>\n<\/ul>\n\n\n\n<h4 class=\"wp-block-heading\" id=\"applicable-law-and-jurisdiction\">Legislaci\u00f3n Aplicable y Jurisdicci\u00f3n<\/h4>\n\n\n\n<ul class=\"wp-block-list\">\n<li>Estos t\u00e9rminos se rigen por la legislaci\u00f3n vigente en Estados Unidos.FL.<\/li>\n\n\n\n<li>Para cualquier controversia, las partes se someten a la jurisdicci\u00f3n de los tribunales competentes.<\/li>\n<\/ul>\n\n\n\n<p>Implementamos medidas t\u00e9cnicas (SSL, cifrado) y organizativas para proteger tus datos.<\/p>\n\n\n\n<h5 class=\"wp-block-heading\" id=\"contact\">Contacto<\/h5>\n\n\n\n<p style=\"margin-top:0px;margin-bottom:var(--wp--preset--spacing--50)\">Para consultas o reclamos, cont\u00e1ctanos en: <a href=\"mailto:stickersgraphicdesings@gmail.com\"><strong><mark style=\"background-color:rgba(0, 0, 0, 0)\" class=\"has-inline-color has-primary-color\">stickersgraphicdesings@gmail.com<\/mark><\/strong><\/a>.<\/p>","protected":false},"excerpt":{"rendered":"<p>Terms of Service Acceptance of the Terms By accessing and using this website, you agree to comply with these Terms of Use. If you disagree with any part of it, please do not use the site. Use of the Site Intellectual Property Limitation of Liability Modifications Data Protection Applicable Law and Jurisdiction We implement technical [&hellip;]<\/p>\n","protected":false},"author":1,"featured_media":0,"parent":0,"menu_order":0,"comment_status":"closed","ping_status":"closed","template":"","meta":{"_gspb_post_css":"","footnotes":""},"class_list":["post-210","page","type-page","status-publish","hentry"],"_hostinger_reach_plugin_has_subscription_block":false,"_hostinger_reach_plugin_is_elementor":false,"_links":{"self":[{"href":"https:\/\/stickersgraphicdesing.com\/es\/wp-json\/wp\/v2\/pages\/210","targetHints":{"allow":["GET"]}}],"collection":[{"href":"https:\/\/stickersgraphicdesing.com\/es\/wp-json\/wp\/v2\/pages"}],"about":[{"href":"https:\/\/stickersgraphicdesing.com\/es\/wp-json\/wp\/v2\/types\/page"}],"author":[{"embeddable":true,"href":"https:\/\/stickersgraphicdesing.com\/es\/wp-json\/wp\/v2\/users\/1"}],"replies":[{"embeddable":true,"href":"https:\/\/stickersgraphicdesing.com\/es\/wp-json\/wp\/v2\/comments?post=210"}],"version-history":[{"count":5,"href":"https:\/\/stickersgraphicdesing.com\/es\/wp-json\/wp\/v2\/pages\/210\/revisions"}],"predecessor-version":[{"id":515,"href":"https:\/\/stickersgraphicdesing.com\/es\/wp-json\/wp\/v2\/pages\/210\/revisions\/515"}],"wp:attachment":[{"href":"https:\/\/stickersgraphicdesing.com\/es\/wp-json\/wp\/v2\/media?parent=210"}],"curies":[{"name":"wp","href":"https:\/\/api.w.org\/{rel}","templated":true}]}}