{"id":205,"date":"2025-03-25T09:51:34","date_gmt":"2025-03-25T09:51:34","guid":{"rendered":"https:\/\/stickersgraphicdesing.com\/?page_id=205"},"modified":"2025-03-31T08:58:25","modified_gmt":"2025-03-31T08:58:25","slug":"privacy-policy","status":"publish","type":"page","link":"https:\/\/stickersgraphicdesing.com\/es\/privacy-policy\/","title":{"rendered":"Pol\u00edtica de Privacidad"},"content":{"rendered":"<h1 class=\"wp-block-heading has-text-align-center has-primary-color has-text-color has-link-color has-max-huge-font-size wp-elements-b5119b1fc5534fed68edf93bef0f3fd1\" id=\"privacy-policy\" style=\"margin-top:var(--wp--preset--spacing--50);margin-bottom:var(--wp--preset--spacing--50)\">Pol\u00edtica de Privacidad<\/h1>\n\n\n\n<h2 class=\"wp-block-heading\" id=\"data-controller\">Responsable de los Datos<\/h2>\n\n\n\n<p style=\"font-style:normal;font-weight:400\"><strong>STICKERS GRAPHIC DESIGN LLC<\/strong> es el responsable del tratamiento de tus datos personales.<\/p>\n\n\n\n<h2 class=\"wp-block-heading\" id=\"data-we-collect\">Datos que Recopilamos<\/h2>\n\n\n\n<ul class=\"wp-block-list\">\n<li><strong>Informaci\u00f3n Personal:<\/strong> \n<ul class=\"wp-block-list\">\n<li>Nombre Completo<\/li>\n\n\n\n<li>N\u00famero de tel\u00e9fono<\/li>\n\n\n\n<li>Correo electr\u00f3nico<\/li>\n\n\n\n<li>Cualquier otro dato que solicitemos a trav\u00e9s de nuestros formularios<\/li>\n<\/ul>\n<\/li>\n\n\n\n<li><strong>Datos T\u00e9cnicos:<\/strong>\n<ul class=\"wp-block-list\">\n<li>Informaci\u00f3n como la direcci\u00f3n IP, tipo de navegador y p\u00e1ginas visitadas mediante cookies o herramientas de an\u00e1lisis, en la medida en que sean captados autom\u00e1ticamente.<\/li>\n<\/ul>\n<\/li>\n<\/ul>\n\n\n\n<h2 class=\"wp-block-heading\" id=\"purpose-of-the-treatment\">Finalidad del Tratamiento<\/h2>\n\n\n\n<h3 class=\"wp-block-heading has-montserrat-font-family has-medium-font-size\" id=\"we-use-your-data-to\">Utilizamos tus datos para:<\/h3>\n\n\n\n<ul class=\"wp-block-list\">\n<li>Responder a solicitudes de contacto e informaci\u00f3n.<\/li>\n\n\n\n<li>Enviar comunicaciones comerciales y de marketing (previa aceptaci\u00f3n expresa).<\/li>\n\n\n\n<li>Mejorar nuestros servicios y personalizar la experiencia en nuestro sitio web, alojado en GoHighLevel.<\/li>\n\n\n\n<li>Gestionar y optimizar el funcionamiento de la web.<\/li>\n<\/ul>\n\n\n\n<h3 class=\"wp-block-heading\" id=\"consent-for-sms\">Consentimiento para SMS<\/h3>\n\n\n\n<h4 class=\"wp-block-heading has-small-font-size\" id=\"by-providing-your-phone-number-you-agree-to-receive\">Al proporcionar tu n\u00famero de tel\u00e9fono, aceptas recibir:<\/h4>\n\n\n\n<ul class=\"wp-block-list\">\n<li>Notificaciones, alertas y comunicaciones comerciales v\u00eda SMS.<\/li>\n\n\n\n<li>Tarifas: Pueden aplicarse cargos seg\u00fan tu operador.<\/li>\n\n\n\n<li>Control: Para cancelar la suscripci\u00f3n, env\u00eda un mensaje con la palabra STOP.<\/li>\n<\/ul>\n\n\n\n<h3 class=\"wp-block-heading\" id=\"sharing-data\">Compartir Datos<\/h3>\n\n\n\n<ul class=\"wp-block-list\">\n<li>No vendemos ni alquilamos tu informaci\u00f3n.<\/li>\n\n\n\n<li>Solo compartimos tus datos con proveedores externos necesarios para operar (por ejemplo, plataformas de email marketing o SMS) y con autoridades legales cuando sea requerido.<\/li>\n<\/ul>\n\n\n\n<h3 class=\"wp-block-heading\" id=\"your-rights\">Tus Derechos<\/h3>\n\n\n\n<h4 class=\"wp-block-heading has-xsmall-font-size\" id=\"you-have-the-right-to\">Tienes derecho a:<\/h4>\n\n\n\n<ul class=\"wp-block-list\">\n<li>Acceder, rectificar o eliminar tus datos personales.<\/li>\n\n\n\n<li>Retirar tu consentimiento para el tratamiento o el env\u00edo de comunicaciones en cualquier momento. Presentar reclamos ante las autoridades de protecci\u00f3n de datos. Para ejercer estos derechos, cont\u00e1ctanos en: <a href=\"mailto:stickersgraphicdesings@gmail.com\"><mark style=\"background-color:rgba(0, 0, 0, 0)\" class=\"has-inline-color has-primary-color\"><strong>stickersgraphicdesings@gmail.com<\/strong><\/mark><\/a>.<\/li>\n<\/ul>\n\n\n\n<h4 class=\"wp-block-heading\" id=\"security\">Seguridad<\/h4>\n\n\n\n<p>Implementamos medidas t\u00e9cnicas (SSL, cifrado) y organizativas para proteger tus datos.<\/p>\n\n\n\n<h5 class=\"wp-block-heading\" id=\"changes-to-this-policy\">Cambios en esta Pol\u00edtica<\/h5>\n\n\n\n<p style=\"padding-top:var(--wp--preset--spacing--50);padding-bottom:var(--wp--preset--spacing--50)\">Esta pol\u00edtica puede actualizarse debido a cambios legales o operativos. Te notificaremos sobre modificaciones relevantes mediante correo electr\u00f3nico o mediante un banner en el sitio.<\/p>","protected":false},"excerpt":{"rendered":"<p>Privacy Policy Data Controller STICKERS GRAPHIC DESIGN LLC is responsible for the processing of your personal data. Data We Collect Purpose of the Treatment We use your data to: Consent for SMS By providing your phone number, you agree to receive: Sharing Data Your Rights You have the right to: Security We implement technical (SSL, [&hellip;]<\/p>\n","protected":false},"author":1,"featured_media":0,"parent":0,"menu_order":0,"comment_status":"closed","ping_status":"closed","template":"","meta":{"_gspb_post_css":"","footnotes":""},"class_list":["post-205","page","type-page","status-publish","hentry"],"_hostinger_reach_plugin_has_subscription_block":false,"_hostinger_reach_plugin_is_elementor":false,"_links":{"self":[{"href":"https:\/\/stickersgraphicdesing.com\/es\/wp-json\/wp\/v2\/pages\/205","targetHints":{"allow":["GET"]}}],"collection":[{"href":"https:\/\/stickersgraphicdesing.com\/es\/wp-json\/wp\/v2\/pages"}],"about":[{"href":"https:\/\/stickersgraphicdesing.com\/es\/wp-json\/wp\/v2\/types\/page"}],"author":[{"embeddable":true,"href":"https:\/\/stickersgraphicdesing.com\/es\/wp-json\/wp\/v2\/users\/1"}],"replies":[{"embeddable":true,"href":"https:\/\/stickersgraphicdesing.com\/es\/wp-json\/wp\/v2\/comments?post=205"}],"version-history":[{"count":8,"href":"https:\/\/stickersgraphicdesing.com\/es\/wp-json\/wp\/v2\/pages\/205\/revisions"}],"predecessor-version":[{"id":516,"href":"https:\/\/stickersgraphicdesing.com\/es\/wp-json\/wp\/v2\/pages\/205\/revisions\/516"}],"wp:attachment":[{"href":"https:\/\/stickersgraphicdesing.com\/es\/wp-json\/wp\/v2\/media?parent=205"}],"curies":[{"name":"wp","href":"https:\/\/api.w.org\/{rel}","templated":true}]}}